{"id":2566,"date":"2015-02-21T17:59:13","date_gmt":"2015-02-21T17:59:13","guid":{"rendered":"http:\/\/rttheme19.rtthemes.com\/?page_id=2566"},"modified":"2021-04-03T22:23:07","modified_gmt":"2021-04-03T19:23:07","slug":"hakkimizda","status":"publish","type":"page","link":"https:\/\/ankavet.com.tr\/site\/hakkimizda\/","title":{"rendered":"Hakk\u0131m\u0131zda"},"content":{"rendered":"<p>[vc_row full_height=&#8221;yes&#8221; rt_row_background_width=&#8221;fullwidth&#8221; rt_row_content_width=&#8221;default&#8221; rt_row_style=&#8221;alt-style-1&#8243; rt_row_borders=&#8221;&#8221; rt_row_paddings=&#8221;true&#8221; rt_bg_effect=&#8221;classic&#8221; rt_bg_image_repeat=&#8221;no-repeat&#8221; rt_bg_size=&#8221;contain&#8221; rt_bg_position=&#8221;left bottom&#8221; rt_bg_attachment=&#8221;scroll&#8221; rt_bg_video_format=&#8221;self-hosted&#8221; rt_padding_top=&#8221;25&#8243; rt_padding_bottom=&#8221;20&#8243; rt_bg_color=&#8221;#ffffff&#8221;][vc_column width=&#8221;1\/3&#8243; rt_wrp_col_paddings=&#8221;false&#8221; rt_border_top=&#8221;&#8221; rt_border_bottom=&#8221;&#8221; rt_border_left=&#8221;&#8221; rt_border_right=&#8221;&#8221; rt_border_top_mobile=&#8221;&#8221; rt_border_bottom_mobile=&#8221;&#8221; rt_border_left_mobile=&#8221;&#8221; rt_border_right_mobile=&#8221;&#8221; rt_bg_image_repeat=&#8221;repeat&#8221; rt_bg_size=&#8221;auto auto&#8221; rt_bg_position=&#8221;right top&#8221; rt_bg_attachment=&#8221;scroll&#8221;][vc_single_image image=&#8221;4021&#8243; img_size=&#8221;full&#8221; alignment=&#8221;center&#8221;][\/vc_column][vc_column width=&#8221;2\/3&#8243; rt_wrp_col_paddings=&#8221;false&#8221; rt_border_top=&#8221;&#8221; rt_border_bottom=&#8221;&#8221; rt_border_left=&#8221;&#8221; rt_border_right=&#8221;&#8221; rt_border_top_mobile=&#8221;&#8221; rt_border_bottom_mobile=&#8221;&#8221; rt_border_left_mobile=&#8221;&#8221; rt_border_right_mobile=&#8221;&#8221; rt_bg_image_repeat=&#8221;repeat&#8221; rt_bg_size=&#8221;auto auto&#8221; rt_bg_position=&#8221;right top&#8221; rt_bg_attachment=&#8221;scroll&#8221; rt_padding_top=&#8221;60&#8243;]<article  class=\"icon-content-box content-box icon-left icon-style-2\"><div class=\"icon-holder\"><\/div><div class=\"text-holder\"> <p><img decoding=\"async\" class=\"wp-image-4019 alignleft\" src=\"http:\/\/ankavet.com.tr\/site\/wp-content\/uploads\/2021\/03\/New-Project-300x283.jpg\" alt=\"\" width=\"142\" height=\"134\" srcset=\"https:\/\/ankavet.com.tr\/site\/wp-content\/uploads\/2021\/03\/New-Project-300x283.jpg 300w, https:\/\/ankavet.com.tr\/site\/wp-content\/uploads\/2021\/03\/New-Project.jpg 349w\" sizes=\"(max-width: 142px) 100vw, 142px\" \/><\/p>\n<p>\u015eirketimiz, alan\u0131nda y\u0131llarca tecr\u00fcbe kazanm\u0131\u015f ve herbiri donan\u0131ml\u0131, dinamik ve yenilik\u00e7i olan giri\u015fimcilerin biraraya gelmesiyle 2016 y\u0131l\u0131nda Ankara\u2019da kurulmu\u015ftur. Ankavet olarak \u00fcretti\u011fimiz yem premiksleri ve t\u0131bbi<br \/>\nolmayan veteriner \u00fcr\u00fcnler ile veteriner sekt\u00f6r\u00fcne hizmet vermekteyiz. Ankavet gen\u00e7 kadrosu ile sekt\u00f6rde ithal \u00fcr\u00fcnlerle rekabet eden innovatif ve kaliteli \u00fcr\u00fcnleri hedefleyen, m\u00fc\u015fterilerine ekonomik \u00e7\u00f6z\u00fcmler sunan, \u00fcr\u00fcn portf\u00f6y\u00fcnde \u00f6zellikle do\u011fal \u00fcr\u00fcnlerin yerini geni\u015f tutan bir yakla\u015f\u0131ma sahiptir.<\/p>\n<\/div><\/article><article  class=\"icon-content-box content-box icon-left icon-style-2\"><div class=\"icon-holder\"><\/div><div class=\"text-holder\"><h4 class=\"heading\">Misyon<\/h4> <p>Ankavet hayvan sa\u011fl\u0131\u011f\u0131n\u0131 &#8220;proaktif&#8221; bir yakla\u015f\u0131m ile korumay\u0131 ilke edinmi\u015ftir. Ekip \u00e7al\u0131\u015fmas\u0131 ruhu ile m\u00fc\u015fteri, tedarik\u00e7i, ortaklar ve personeli ile g\u00fcvenilir ili\u015fkiler \u00e7er\u00e7evesinde, Veteriner sekt\u00f6r\u00fcnde beklentilerin tam kar\u015f\u0131land\u0131\u011f\u0131 hizmet ve \u00fcr\u00fcn sunmay\u0131 misyon edinmi\u015ftir.<\/p>\n<\/div><\/article><article  class=\"icon-content-box content-box icon-left icon-style-2\"><div class=\"icon-holder\"><\/div><div class=\"text-holder\"> <p>Ankavet tedarik etti\u011fi her bir materyali kendi alan\u0131nda marka olan kurulu\u015flardan sa\u011flamakta, \u00fcretim tesislerinde \u00fcretilen t\u00fcm \u00fcr\u00fcnleri kalite kontrol testlerinden ge\u00e7irmekte, \u00f6nceli\u011fi her zaman \u00fcr\u00fcn\u00fcn kalitesine tan\u0131maktad\u0131r.<\/p>\n<p><img decoding=\"async\" class=\" wp-image-4020 alignright\" src=\"http:\/\/ankavet.com.tr\/site\/wp-content\/uploads\/2021\/03\/New-Project-1-300x283.jpg\" alt=\"\" width=\"142\" height=\"134\" srcset=\"https:\/\/ankavet.com.tr\/site\/wp-content\/uploads\/2021\/03\/New-Project-1-300x283.jpg 300w, https:\/\/ankavet.com.tr\/site\/wp-content\/uploads\/2021\/03\/New-Project-1.jpg 349w\" sizes=\"(max-width: 142px) 100vw, 142px\" \/><\/p>\n<\/div><\/article><article  class=\"icon-content-box content-box icon-left icon-style-2\"><div class=\"icon-holder\"><\/div><div class=\"text-holder\"><h4 class=\"heading\">Vizyon<\/h4> <p>Ankavet faaliyet g\u00f6sterdi\u011fi alanlarda uluslararas\u0131 standartlara uygun \u00fcr\u00fcnler sunmay\u0131, yenilik\u00e7i ve ara\u015ft\u0131rmac\u0131 vizyonu ile \u00fcr\u00fcn ve hizmet kalitesini s\u00fcrekli geli\u015ftirerek markala\u015fmay\u0131 hedeflemektedir.<\/p>\n<\/div><\/article>[\/vc_column][\/vc_row][vc_row rt_row_background_width=&#8221;fullwidth&#8221; rt_row_content_width=&#8221;fullwidth&#8221; rt_row_style=&#8221;default-style&#8221; rt_row_borders=&#8221;&#8221; rt_row_paddings=&#8221;true&#8221; rt_bg_image=&#8221;4061&#8243; rt_bg_effect=&#8221;classic&#8221; rt_bg_image_repeat=&#8221;repeat&#8221; rt_bg_size=&#8221;cover&#8221; rt_bg_position=&#8221;right top&#8221; rt_bg_attachment=&#8221;scroll&#8221; rt_bg_video_format=&#8221;self-hosted&#8221;][vc_column rt_wrp_col_paddings=&#8221;false&#8221; rt_border_top=&#8221;&#8221; rt_border_bottom=&#8221;&#8221; rt_border_left=&#8221;&#8221; rt_border_right=&#8221;&#8221; rt_border_top_mobile=&#8221;&#8221; rt_border_bottom_mobile=&#8221;&#8221; rt_border_left_mobile=&#8221;&#8221; rt_border_right_mobile=&#8221;&#8221; rt_bg_image_repeat=&#8221;repeat&#8221; rt_bg_size=&#8221;auto auto&#8221; rt_bg_position=&#8221;right top&#8221; rt_bg_attachment=&#8221;scroll&#8221;]<div id=\"uvc-type-wrap-8243\"  data-ultimate-target='#uvc-type-wrap-8243'  data-responsive-json-new='{\"font-size\":\"desktop:26px;\",\"line-height\":\"\"}'  class=\"uvc-type-wrap  ult-adjust-bottom-margin ult-responsive  uvc-type-align-center  uvc-wrap-62149195669fb302892ef5\" style=\"text-align:center;\"><span  data-ultimate-target='#uvc-type-wrap-8243 .mycustfancy'  data-responsive-json-new='{\"font-size\":\"desktop:24px;\",\"line-height\":\"\"}'  class=\"ultimate-typewriter-prefix mycustfancy ult-responsive\" style=\"font-weight:normal; text-transform: unset;\">Ankavet ekibi olarak sizler i\u00e7in<\/span><span id=\"typed-62149195669fb302892ef5\" class=\"ultimate-typed-main \" style=\" font-weight:bold; text-transform: unset;\"><\/span><script type=\"text\/javascript\"> \r\n\t\t\t\t\t\tjQuery(function($){ \r\n\t\t\t\t\t\t\t$(document).ready(function(){\r\n\t\t\t\t\t\t\t\tif( typeof jQuery(\"#typed-62149195669fb302892ef5\").typed == \"function\"){\r\n\t\t\t\t\t\t\t\t\t$(\"#typed-62149195669fb302892ef5\").typed({\r\n\t\t\t\t\t\t\t\t\t\tstrings: [\"Ara\u015ft\u0131r\u0131yoruz\",\"Geli\u015ftiriyoruz\",\"\u00dcretiyoruz\"],\r\n\t\t\t\t\t\t\t\t\t\ttypeSpeed: 35,\r\n\t\t\t\t\t\t\t\t\t\tbackSpeed: 0,\r\n\t\t\t\t\t\t\t\t\t\tstartDelay: 400,\r\n\t\t\t\t\t\t\t\t\t\tbackDelay: 1500,\r\n\t\t\t\t\t\t\t\t\t\tloop: true,\r\n\t\t\t\t\t\t\t\t\t\tloopCount: false,\r\n\t\t\t\t\t\t\t\t\t\tshowCursor: true,\r\n\t\t\t\t\t\t\t\t\t\tcursorChar: \"|\",\r\n\t\t\t\t\t\t\t\t\t\tattr: null\r\n\t\t\t\t\t\t\t\t\t});\r\n\t\t\t\t\t\t\t\t}\r\n\t\t\t\t\t\t\t});\r\n\t\t\t\t\t\t});\r\n\t\t\t\t\t<\/script><\/div><div class=\"info-wrapper ult-adjust-bottom-margin\"><div id=\"info-circle-wrapper-69fb302892fb5\" data-uniqid=\"69fb302892fb5\" class=\"info-circle-wrapper  info-circle-responsive \" data-half-percentage=\"70\" data-circle-type=\"full-circle\"><div class=\"info-c-full-br\" style='border:4px dashed #aaaaaa;width:40%;opacity:0;' data-start-degree=\"90\" data-divert=\"\" data-info-circle-angle=\"full\" data-responsive-circle=\"on\" data-responsive-breakpoint=\"100\" data-launch=\"easeOutElastic\" data-launch-duration=\"1\" data-launch-delay=\"0.2\" data-slide-true=\"on\" data-slide-duration=\"6\" data-icon-size=\"36\" data-icon-show=\"not-show\" data-icon-show-size=\"\" data-highlight-style=\"info-circle-pulse\" data-focus-on=\"hover\"><div  class=\"icon-circle-list\"><div class=\"info-circle-icons  info-circle-icon-without-background \" style=\"\" ><i class=\"icomoon-target-arrow1 info-circle-icon\" ><\/i><\/div><div class=\"info-details\" data-icon-class=\"ult-info-circle-icon\"><div class=\"info-circle-def\"><div  class=\"info-circle-sub-def\"><i class=\"icomoon-target-arrow1 info-circle-icon\" ><\/i><div class=\"responsive-font-class ult-responsive\" ><h3  data-ultimate-target='#info-cirlce-wrap-9548 .responsive-font-class h3.new-cust-responsive-class'  data-responsive-json-new='{\"font-size\":\"\",\"line-height\":\"\"}'  class=\"info-circle-heading ult-responsive new-cust-responsive-class\" style=\"font-weight:normal;\">Kalite Y\u00f6netim<\/h3><div  class=\"info-circle-text \" style=\"font-weight:normal;\"><\/p>\n<p style=\"text-align: justify;\">Firmam\u0131z, nitelikli kadrosu sayesinde sat\u0131n al\u0131nan her bir materyalin, t\u00fcm proseslerin, personel faaliyetlerinin ve m\u00fc\u015fteriye haz\u0131r olarak sevk edilen \u00fcr\u00fcnlerin maksimum kalitede olmas\u0131n\u0131 temin eden iyi ve kendini s\u00fcrekli geli\u015ftiren bir kalite y\u00f6netim sistemine sahiptir. Bir zincirin bile\u015fenleri ne kadar sa\u011flamsa zincir de o kadar sa\u011flamd\u0131r yakla\u015f\u0131m\u0131 ile bile\u015fenlerin kalitesinin s\u00fcrekli iyile\u015ftirilmesi ilk prensibimizdir.<\/p>\n<p><\/div><\/div><\/div><\/div><\/div><div class=\"info-circle-icons  info-circle-icon-without-background \" style=\"\" ><i class=\"icomoon-diamond info-circle-icon\" ><\/i><\/div><div class=\"info-details\" data-icon-class=\"ult-info-circle-icon\"><div class=\"info-circle-def\"><div  class=\"info-circle-sub-def\"><i class=\"icomoon-diamond info-circle-icon\" ><\/i><div class=\"responsive-font-class ult-responsive\" ><h3  data-ultimate-target='#info-cirlce-wrap-9548 .responsive-font-class h3.new-cust-responsive-class'  data-responsive-json-new='{\"font-size\":\"\",\"line-height\":\"\"}'  class=\"info-circle-heading ult-responsive new-cust-responsive-class\" style=\"font-weight:normal;\">G\u00fcvenilir Materyal<\/h3><div  class=\"info-circle-text \" style=\"font-weight:normal;\"><\/p>\n<p style=\"text-align: justify;\">Ankavet tedarik etti\u011fi her bir materyali kendi alan\u0131nda marka olan (BASF\u00ae, DSM\u00ae, Milicard\u00ae gibi) kurulu\u015flardan sa\u011flamakta, \u00fcretim tesislerinde \u00fcretilen t\u00fcm \u00fcr\u00fcnleri kalite kontrol testlerinden ge\u00e7irmekte, \u00f6nceli\u011fi her zaman materyalinin ve dolay\u0131s\u0131yla \u00fcr\u00fcn\u00fcn kalitesine tan\u0131maktad\u0131r.<\/p>\n<p><\/div><\/div><\/div><\/div><\/div><div class=\"info-circle-icons  info-circle-icon-without-background \" style=\"\" ><i class=\"Defaults-truck info-circle-icon\" ><\/i><\/div><div class=\"info-details\" data-icon-class=\"ult-info-circle-icon\"><div class=\"info-circle-def\"><div  class=\"info-circle-sub-def\"><i class=\"Defaults-truck info-circle-icon\" ><\/i><div class=\"responsive-font-class ult-responsive\" ><h3  data-ultimate-target='#info-cirlce-wrap-9548 .responsive-font-class h3.new-cust-responsive-class'  data-responsive-json-new='{\"font-size\":\"\",\"line-height\":\"\"}'  class=\"info-circle-heading ult-responsive new-cust-responsive-class\" style=\"font-weight:normal;\">Sorunsuz Teslimat<\/h3><div  class=\"info-circle-text \" style=\"font-weight:normal;\"><\/p>\n<p style=\"text-align: justify;\">Ankavet tedarik\u00e7i ve m\u00fc\u015fteriler ile i\u015f birli\u011fi i\u00e7erisinde, maliyetine bakmaks\u0131z\u0131n en ideal lojistik a\u011f\u0131n\u0131 tercih etmektedir. Amac\u0131 \u00fcr\u00fcnlerin kalitesini bozmaks\u0131z\u0131n m\u00fc\u015fteriye en do\u011fru \u015fekilde ve zaman\u0131nda ula\u015fmas\u0131n\u0131 sa\u011flamakt\u0131r.<\/p>\n<p><\/div><\/div><\/div><\/div><\/div><div class=\"info-circle-icons  info-circle-icon-without-background \" style=\"\" ><i class=\"icomoon-user-tie info-circle-icon\" ><\/i><\/div><div class=\"info-details\" data-icon-class=\"ult-info-circle-icon\"><div class=\"info-circle-def\"><div  class=\"info-circle-sub-def\"><i class=\"icomoon-user-tie info-circle-icon\" ><\/i><div class=\"responsive-font-class ult-responsive\" ><h3  data-ultimate-target='#info-cirlce-wrap-9548 .responsive-font-class h3.new-cust-responsive-class'  data-responsive-json-new='{\"font-size\":\"\",\"line-height\":\"\"}'  class=\"info-circle-heading ult-responsive new-cust-responsive-class\" style=\"font-weight:normal;\">M\u00fc\u015fteri Odakl\u0131l\u0131k<\/h3><div  class=\"info-circle-text \" style=\"font-weight:normal;\"><\/p>\n<p style=\"text-align: justify;\">Ankavet \u00fcr\u00fcnlerin kalitesinde, \u00fcr\u00fcnlerin m\u00fc\u015fteriye do\u011fru zamanda tam \u015fekilde ula\u015fmas\u0131nda, m\u00fc\u015fteriye ekonomik avantajlar\u0131n sa\u011flanmas\u0131nda ve di\u011fer hizmetlerde M\u00fc\u015fteri Memnuniyetini en \u00fcst seviyede tutmaktad\u0131r. Bu ama\u00e7la, m\u00fc\u015fterilerinin \u00f6neri ve \u015fikayetlerini hassasiyetle ele almakta ve kendini s\u00fcrekli iyi y\u00f6nde geli\u015ftirmektedir.<\/p>\n<p><\/div><\/div><\/div><\/div><\/div><\/div><div id=\"info-cirlce-wrap-9548\" class=\"info-c-full\" style=\"border:2px double #bcbcbc;background-color:;color:;width:80%;height:80%;margin:10%;\"><div class=\"info-c-full-wrap\"><\/div><\/div><\/div><div class=\"smile_icon_list_wrap \" data-content_bg=\"\" data-content_color=\"\">\r\n\t\t\t\t\t\t\t<ul id=\"info-cirlce-wrap-9548\" class=\"smile_icon_list left circle with_bg\"><li class=\"icon_list_item\" style=\"font-size:108px;\">\r\n\t\t\t\t\t\t\t\t\t<div class=\"icon_list_icon\" style=\"font-size:36px;width:36px;height:36px;line-height:1;\">\r\n\t\t\t\t\t\t\t\t\t\t<i class=\"smt-pencil\"><\/i>\r\n\t\t\t\t\t\t\t\t\t<\/div>\r\n\t\t\t\t\t\t\t\t\t<div  class=\"icon_description\" style=\"font-size:36px;\">\r\n\t\t\t\t\t\t\t\t\t\t<div class=\"responsive-font-class ult-responsive\"  data-ultimate-target='#info-cirlce-wrap-9548 .responsive-font-class *'  data-responsive-json-new='{\"font-size\":\"\",\"line-height\":\"\"}'  style=\"font-weight:normal;\">\r\n\t\t\t\t\t\t\t\t\t\t\t<h3  data-ultimate-target='#info-cirlce-wrap-9548 .responsive-font-class h3.new-cust-responsive-class'  data-responsive-json-new='{\"font-size\":\"\",\"line-height\":\"\"}'  class=\"ult-responsive new-cust-responsive-class\" style=\"font-weight:normal;\"><\/h3>\r\n\t\t\t\t\t\t\t\t\t\t\t<p><\/p>\r\n\t\t\t\t\t\t\t\t\t\t<\/div>\r\n\t\t\t\t\t\t\t\t\t<\/div>\r\n\t\t\t\t\t\t\t\t\t<div class=\"icon_list_connector\" style=\" border-style:dashed;border-color:#aaaaaa; left:18px; top:36px;\">\r\n\t\t\t\t\t\t\t\t\t<\/div><\/li><\/ul>\r\n\t\t\t\t\t\t<\/div><\/div><\/div>[\/vc_column][\/vc_row][vc_row rt_row_background_width=&#8221;fullwidth&#8221; rt_row_content_width=&#8221;fullwidth&#8221; rt_row_style=&#8221;default-style&#8221; rt_row_borders=&#8221;&#8221; rt_row_paddings=&#8221;true&#8221; rt_bg_effect=&#8221;classic&#8221; rt_bg_image_repeat=&#8221;repeat&#8221; rt_bg_size=&#8221;cover&#8221; rt_bg_position=&#8221;right top&#8221; rt_bg_attachment=&#8221;scroll&#8221; rt_bg_video_format=&#8221;self-hosted&#8221;][vc_column rt_wrp_col_paddings=&#8221;false&#8221; rt_border_top=&#8221;&#8221; rt_border_bottom=&#8221;&#8221; rt_border_left=&#8221;&#8221; rt_border_right=&#8221;&#8221; rt_border_top_mobile=&#8221;&#8221; rt_border_bottom_mobile=&#8221;&#8221; rt_border_left_mobile=&#8221;&#8221; rt_border_right_mobile=&#8221;&#8221; rt_bg_image_repeat=&#8221;repeat&#8221; rt_bg_size=&#8221;auto auto&#8221; rt_bg_position=&#8221;right top&#8221; rt_bg_attachment=&#8221;scroll&#8221;]<div id=\"ultimate-heading-239869fb302893137\" class=\"uvc-heading ult-adjust-bottom-margin ultimate-heading-239869fb302893137 uvc-2154 \" data-hspacer=\"line_with_icon\" data-hline_width=\"auto\" data-hicon_type=\"selector\" data-hborder_style=\"solid\" data-hborder_height=\"1\" data-hborder_color=\"#ccc\" data-icon_width=\"32\" data-hfixer=\"10\"  data-halign=\"center\" style=\"text-align:center\"><div class=\"uvc-heading-spacer line_with_icon\" style=\"topheight:32px;\"><div class=\"ult-just-icon-wrapper  \"><div class=\"align-icon\" style=\"text-align:center;\">\n<div class=\"aio-icon none \"  style=\"font-size:32px;display:inline-block;\">\n\t<i class=\"Defaults-file-text-o\"><\/i>\n<\/div><\/div><\/div><\/div><div class=\"uvc-main-heading ult-responsive\"  data-ultimate-target='.uvc-heading.ultimate-heading-239869fb302893137 h2'  data-responsive-json-new='{\"font-size\":\"\",\"line-height\":\"\"}' ><h2 style=\"font-weight:normal;\">Sertifikalar\u0131m\u0131z<\/h2><\/div><\/div>[\/vc_column][\/vc_row][vc_row rt_row_background_width=&#8221;fullwidth&#8221; rt_row_content_width=&#8221;default&#8221; rt_row_style=&#8221;default-style&#8221; rt_row_borders=&#8221;&#8221; rt_row_paddings=&#8221;true&#8221; rt_bg_effect=&#8221;classic&#8221; rt_bg_image_repeat=&#8221;repeat&#8221; rt_bg_size=&#8221;cover&#8221; rt_bg_position=&#8221;right top&#8221; rt_bg_attachment=&#8221;scroll&#8221; rt_bg_video_format=&#8221;self-hosted&#8221;][vc_column width=&#8221;1\/4&#8243; rt_wrp_col_paddings=&#8221;false&#8221; rt_border_top=&#8221;&#8221; rt_border_bottom=&#8221;&#8221; rt_border_left=&#8221;&#8221; rt_border_right=&#8221;&#8221; rt_border_top_mobile=&#8221;&#8221; rt_border_bottom_mobile=&#8221;&#8221; rt_border_left_mobile=&#8221;&#8221; rt_border_right_mobile=&#8221;&#8221; rt_bg_image_repeat=&#8221;repeat&#8221; rt_bg_size=&#8221;auto auto&#8221; rt_bg_position=&#8221;right top&#8221; rt_bg_attachment=&#8221;scroll&#8221;][\/vc_column][vc_column width=&#8221;1\/4&#8243; rt_wrp_col_paddings=&#8221;false&#8221; rt_border_top=&#8221;&#8221; rt_border_bottom=&#8221;&#8221; rt_border_left=&#8221;&#8221; rt_border_right=&#8221;&#8221; rt_border_top_mobile=&#8221;&#8221; rt_border_bottom_mobile=&#8221;&#8221; rt_border_left_mobile=&#8221;&#8221; rt_border_right_mobile=&#8221;&#8221; rt_bg_image_repeat=&#8221;repeat&#8221; rt_bg_size=&#8221;auto auto&#8221; rt_bg_position=&#8221;right top&#8221; rt_bg_attachment=&#8221;scroll&#8221;][\/vc_column][vc_column width=&#8221;1\/4&#8243; rt_wrp_col_paddings=&#8221;false&#8221; rt_border_top=&#8221;&#8221; rt_border_bottom=&#8221;&#8221; rt_border_left=&#8221;&#8221; rt_border_right=&#8221;&#8221; rt_border_top_mobile=&#8221;&#8221; rt_border_bottom_mobile=&#8221;&#8221; rt_border_left_mobile=&#8221;&#8221; rt_border_right_mobile=&#8221;&#8221; rt_bg_image_repeat=&#8221;repeat&#8221; rt_bg_size=&#8221;auto auto&#8221; rt_bg_position=&#8221;right top&#8221; rt_bg_attachment=&#8221;scroll&#8221;][\/vc_column][vc_column width=&#8221;1\/4&#8243; rt_wrp_col_paddings=&#8221;false&#8221; rt_border_top=&#8221;&#8221; rt_border_bottom=&#8221;&#8221; rt_border_left=&#8221;&#8221; rt_border_right=&#8221;&#8221; rt_border_top_mobile=&#8221;&#8221; rt_border_bottom_mobile=&#8221;&#8221; rt_border_left_mobile=&#8221;&#8221; rt_border_right_mobile=&#8221;&#8221; rt_bg_image_repeat=&#8221;repeat&#8221; rt_bg_size=&#8221;auto auto&#8221; rt_bg_position=&#8221;right top&#8221; rt_bg_attachment=&#8221;scroll&#8221;][\/vc_column][\/vc_row][vc_row rt_row_background_width=&#8221;default&#8221; rt_row_style=&#8221;default-style&#8221; rt_row_borders=&#8221;&#8221; rt_row_paddings=&#8221;true&#8221; rt_bg_effect=&#8221;classic&#8221; rt_bg_image_repeat=&#8221;repeat&#8221; rt_bg_size=&#8221;cover&#8221; rt_bg_position=&#8221;right top&#8221; rt_bg_attachment=&#8221;scroll&#8221; rt_bg_video_format=&#8221;self-hosted&#8221;][vc_column rt_wrp_col_paddings=&#8221;false&#8221; rt_border_top=&#8221;&#8221; rt_border_bottom=&#8221;&#8221; rt_border_left=&#8221;&#8221; rt_border_right=&#8221;&#8221; rt_border_top_mobile=&#8221;&#8221; rt_border_bottom_mobile=&#8221;&#8221; rt_border_left_mobile=&#8221;&#8221; rt_border_right_mobile=&#8221;&#8221; rt_bg_image_repeat=&#8221;repeat&#8221; rt_bg_size=&#8221;auto auto&#8221; rt_bg_position=&#8221;right top&#8221; rt_bg_attachment=&#8221;scroll&#8221;]<div id=\"ult-carousel-407708393769fb3028931ae\" class=\"ult-carousel-wrapper   ult_horizontal\" data-gutter=\"5\" data-rtl=\"false\" ><div class=\"ult-carousel-421506698969fb302893152 \" ><\/div><\/div>\t\t\t<script type=\"text\/javascript\">\r\n\t\t\t\tjQuery(document).ready(function ($) {\r\n\t\t\t\t\tif( typeof jQuery('.ult-carousel-421506698969fb302893152').slick == \"function\"){\r\n\t\t\t\t\t\t$('.ult-carousel-421506698969fb302893152').slick({dots: true,autoplay: true,autoplaySpeed: 5000,speed: 300,infinite: true,arrows: true,nextArrow: '<button type=\"button\" role=\"button\" aria-label=\"Next\" style=\"color:#333333; font-size:20px;\" class=\"slick-next default\"><i class=\"ultsl-arrow-right4\"><\/i><\/button>',prevArrow: '<button type=\"button\" role=\"button\" aria-label=\"Previous\" style=\"color:#333333; font-size:20px;\" class=\"slick-prev default\"><i class=\"ultsl-arrow-left4\"><\/i><\/button>',slidesToScroll:3,slidesToShow:3,swipe: true,draggable: true,touchMove: true,pauseOnHover: true,pauseOnFocus: false,responsive: [\r\n\t\t\t\t\t\t\t{\r\n\t\t\t\t\t\t\t  breakpoint: 1026,\r\n\t\t\t\t\t\t\t  settings: {\r\n\t\t\t\t\t\t\t\tslidesToShow: 3,\r\n\t\t\t\t\t\t\t\tslidesToScroll: 3,  \r\n\t\t\t\t\t\t\t  }\r\n\t\t\t\t\t\t\t},\r\n\t\t\t\t\t\t\t{\r\n\t\t\t\t\t\t\t  breakpoint: 1025,\r\n\t\t\t\t\t\t\t  settings: {\r\n\t\t\t\t\t\t\t\tslidesToShow: 2,\r\n\t\t\t\t\t\t\t\tslidesToScroll: 2\r\n\t\t\t\t\t\t\t  }\r\n\t\t\t\t\t\t\t},\r\n\t\t\t\t\t\t\t{\r\n\t\t\t\t\t\t\t  breakpoint: 760,\r\n\t\t\t\t\t\t\t  settings: {\r\n\t\t\t\t\t\t\t\tslidesToShow: 1,\r\n\t\t\t\t\t\t\t\tslidesToScroll: 1\r\n\t\t\t\t\t\t\t  }\r\n\t\t\t\t\t\t\t}\r\n\t\t\t\t\t\t],pauseOnDotsHover: true,customPaging: function(slider, i) {\r\n                   return '<i type=\"button\" style= \"color:#333333;\" class=\"ultsl-record\" data-role=\"none\"><\/i>';\r\n                },});\r\n\t\t\t\t\t}\r\n\t\t\t\t});\r\n\t\t\t<\/script>\r\n\t\t\t[\/vc_column][\/vc_row]<\/p>\n","protected":false},"excerpt":{"rendered":"<p>[vc_row full_height=&#8221;yes&#8221; rt_row_background_width=&#8221;fullwidth&#8221; rt_row_content_width=&#8221;default&#8221; rt_row_style=&#8221;alt-style-1&#8243; rt_row_borders=&#8221;&#8221; rt_row_paddings=&#8221;true&#8221; rt_bg_effect=&#8221;classic&#8221; rt_bg_image_repeat=&#8221;no-repeat&#8221; rt_bg_size=&#8221;contain&#8221; rt_bg_position=&#8221;left bottom&#8221; rt_bg_attachment=&#8221;scroll&#8221; rt_bg_video_format=&#8221;self-hosted&#8221; rt_padding_top=&#8221;25&#8243; rt_padding_bottom=&#8221;20&#8243; rt_bg_color=&#8221;#ffffff&#8221;][vc_column width=&#8221;1\/3&#8243; rt_wrp_col_paddings=&#8221;false&#8221; rt_border_top=&#8221;&#8221; rt_border_bottom=&#8221;&#8221; rt_border_left=&#8221;&#8221; rt_border_right=&#8221;&#8221; rt_border_top_mobile=&#8221;&#8221; rt_border_bottom_mobile=&#8221;&#8221; rt_border_left_mobile=&#8221;&#8221; rt_border_right_mobile=&#8221;&#8221; rt_bg_image_repeat=&#8221;repeat&#8221; rt_bg_size=&#8221;auto auto&#8221; rt_bg_position=&#8221;right top&#8221; rt_bg_attachment=&#8221;scroll&#8221;][vc_single_image image=&#8221;4021&#8243; img_size=&#8221;full&#8221; alignment=&#8221;center&#8221;][\/vc_column][vc_column width=&#8221;2\/3&#8243; rt_wrp_col_paddings=&#8221;false&#8221; rt_border_top=&#8221;&#8221; rt_border_bottom=&#8221;&#8221; rt_border_left=&#8221;&#8221; rt_border_right=&#8221;&#8221; rt_border_top_mobile=&#8221;&#8221; rt_border_bottom_mobile=&#8221;&#8221; rt_border_left_mobile=&#8221;&#8221; rt_border_right_mobile=&#8221;&#8221; rt_bg_image_repeat=&#8221;repeat&#8221; rt_bg_size=&#8221;auto auto&#8221; rt_bg_position=&#8221;right top&#8221; rt_bg_attachment=&#8221;scroll&#8221; rt_padding_top=&#8221;60&#8243;][\/vc_column][\/vc_row][vc_row rt_row_background_width=&#8221;fullwidth&#8221; rt_row_content_width=&#8221;fullwidth&#8221; [&hellip;]<\/p>\n","protected":false},"author":1,"featured_media":0,"parent":0,"menu_order":0,"comment_status":"open","ping_status":"open","template":"","meta":{"footnotes":""},"class_list":["post-2566","page","type-page","status-publish","hentry"],"_links":{"self":[{"href":"https:\/\/ankavet.com.tr\/site\/wp-json\/wp\/v2\/pages\/2566","targetHints":{"allow":["GET"]}}],"collection":[{"href":"https:\/\/ankavet.com.tr\/site\/wp-json\/wp\/v2\/pages"}],"about":[{"href":"https:\/\/ankavet.com.tr\/site\/wp-json\/wp\/v2\/types\/page"}],"author":[{"embeddable":true,"href":"https:\/\/ankavet.com.tr\/site\/wp-json\/wp\/v2\/users\/1"}],"replies":[{"embeddable":true,"href":"https:\/\/ankavet.com.tr\/site\/wp-json\/wp\/v2\/comments?post=2566"}],"version-history":[{"count":29,"href":"https:\/\/ankavet.com.tr\/site\/wp-json\/wp\/v2\/pages\/2566\/revisions"}],"predecessor-version":[{"id":4359,"href":"https:\/\/ankavet.com.tr\/site\/wp-json\/wp\/v2\/pages\/2566\/revisions\/4359"}],"wp:attachment":[{"href":"https:\/\/ankavet.com.tr\/site\/wp-json\/wp\/v2\/media?parent=2566"}],"curies":[{"name":"wp","href":"https:\/\/api.w.org\/{rel}","templated":true}]}}